{"id":3820,"date":"2023-08-10T06:16:23","date_gmt":"2023-08-10T11:16:23","guid":{"rendered":"https:\/\/www.casagranite.ca\/naturoc\/"},"modified":"2023-08-29T02:46:32","modified_gmt":"2023-08-29T07:46:32","slug":"naturoc","status":"publish","type":"page","link":"https:\/\/www.casagranite.ca\/fr\/naturoc\/","title":{"rendered":"Naturoc"},"content":{"rendered":"\t\t<div data-elementor-type=\"wp-page\" data-elementor-id=\"3820\" class=\"elementor elementor-3820\" data-elementor-post-type=\"page\">\n\t\t\t\t\t\t<section class=\"elementor-section elementor-top-section elementor-element elementor-element-ad8b0af elementor-section-stretched elementor-section-height-min-height elementor-section-boxed elementor-section-height-default elementor-section-items-middle\" data-id=\"ad8b0af\" data-element_type=\"section\" data-settings=\"{&quot;stretch_section&quot;:&quot;section-stretched&quot;,&quot;jet_parallax_layout_list&quot;:[],&quot;background_background&quot;:&quot;classic&quot;,&quot;background_motion_fx_motion_fx_scrolling&quot;:&quot;yes&quot;,&quot;background_motion_fx_translateY_effect&quot;:&quot;yes&quot;,&quot;background_motion_fx_translateY_speed&quot;:{&quot;unit&quot;:&quot;px&quot;,&quot;size&quot;:2.6,&quot;sizes&quot;:[]},&quot;background_motion_fx_translateY_affectedRange&quot;:{&quot;unit&quot;:&quot;%&quot;,&quot;size&quot;:&quot;&quot;,&quot;sizes&quot;:{&quot;start&quot;:0,&quot;end&quot;:100}},&quot;background_motion_fx_devices&quot;:[&quot;desktop&quot;,&quot;tablet&quot;,&quot;mobile&quot;]}\">\n\t\t\t\t\t\t<div class=\"elementor-container elementor-column-gap-default\">\n\t\t\t\t\t<div class=\"elementor-column elementor-col-100 elementor-top-column elementor-element elementor-element-2222ea6 raven-column-flex-horizontal\" data-id=\"2222ea6\" data-element_type=\"column\">\n\t\t\t<div class=\"elementor-widget-wrap elementor-element-populated\">\n\t\t\t\t\t\t<div class=\"elementor-element elementor-element-67d4975 elementor-widget elementor-widget-heading\" data-id=\"67d4975\" data-element_type=\"widget\" data-widget_type=\"heading.default\">\n\t\t\t\t\t<h2 class=\"elementor-heading-title elementor-size-default\">Naturoc\n<\/h2>\t\t\t\t<\/div>\n\t\t\t\t\t<\/div>\n\t\t<\/div>\n\t\t\t\t\t<\/div>\n\t\t<\/section>\n\t\t\t\t<section class=\"elementor-section elementor-top-section elementor-element elementor-element-da1c82a elementor-section-stretched elementor-section-boxed elementor-section-height-default elementor-section-height-default\" data-id=\"da1c82a\" data-element_type=\"section\" data-settings=\"{&quot;jet_parallax_layout_list&quot;:[],&quot;stretch_section&quot;:&quot;section-stretched&quot;}\">\n\t\t\t\t\t\t<div class=\"elementor-container elementor-column-gap-default\">\n\t\t\t\t\t<div class=\"elementor-column elementor-col-100 elementor-top-column elementor-element elementor-element-838d921\" data-id=\"838d921\" data-element_type=\"column\">\n\t\t\t<div class=\"elementor-widget-wrap elementor-element-populated\">\n\t\t\t\t\t\t<div class=\"elementor-element elementor-element-a03e97f elementor-widget elementor-widget-heading\" data-id=\"a03e97f\" data-element_type=\"widget\" data-widget_type=\"heading.default\">\n\t\t\t\t\t<h2 class=\"elementor-heading-title elementor-size-default\">Plongez dans la Splendeur de la Nature avec les Surfaces Naturoc<\/h2>\t\t\t\t<\/div>\n\t\t\t\t<section class=\"elementor-section elementor-inner-section elementor-element elementor-element-4d38f88 elementor-section-full_width elementor-section-content-middle elementor-section-height-default elementor-section-height-default\" data-id=\"4d38f88\" data-element_type=\"section\" data-settings=\"{&quot;jet_parallax_layout_list&quot;:[]}\">\n\t\t\t\t\t\t<div class=\"elementor-container elementor-column-gap-default\">\n\t\t\t\t\t<div class=\"elementor-column elementor-col-50 elementor-inner-column elementor-element elementor-element-047fd18\" data-id=\"047fd18\" data-element_type=\"column\">\n\t\t\t<div class=\"elementor-widget-wrap elementor-element-populated\">\n\t\t\t\t\t\t<div class=\"elementor-element elementor-element-d064050 elementor-widget elementor-widget-text-editor\" data-id=\"d064050\" data-element_type=\"widget\" data-widget_type=\"text-editor.default\">\n\t\t\t\t\t\t\t\t\t<p>La nature a sculpt\u00e9 sa niche dans les surfaces de cuisine en adoptant le mariage parfait de la technologie et de la nature. En tant qu&rsquo;offre fi\u00e8re de Ciot, un nom reconnu dans l&rsquo;industrie, Naturoc est synonyme d&rsquo;innovation, d&rsquo;attrait esth\u00e9tique et de durabilit\u00e9 in\u00e9gal\u00e9e.<\/p><p>Les surfaces naturelles encapsulent magnifiquement la beaut\u00e9 pure de la pierre naturelle tout en exploitant la r\u00e9silience des mat\u00e9riaux modernes et reconstitu\u00e9s. Le r\u00e9sultat est un comptoir de cuisine qui r\u00e9siste \u00e0 l&rsquo;\u00e9preuve du temps, sans jamais compromettre le style ou la fonction.<\/p><p>Du quartz \u00e0 l&rsquo;apparence de marbre qui scintille au soleil du matin aux finitions en granit rustique qui d\u00e9gagent un charme terrestre, Naturoc offre un \u00e9ventail d&rsquo;options pour chaque style et pr\u00e9f\u00e9rence. Mais l&rsquo;engagement de Naturoc envers l&rsquo;excellence va au-del\u00e0 de l&rsquo;esth\u00e9tique. Chaque surface est con\u00e7ue avec des mat\u00e9riaux de la plus haute qualit\u00e9 pour r\u00e9sister aux rayures, aux taches et \u00e0 la chaleur &#8211; les adversaires communs d&rsquo;une cuisine anim\u00e9e.<\/p><p><script src=\"moz-extension:\/\/17ebdcb1-ba60-4a43-85ef-b48e92322ccc\/js\/app.js\" type=\"text\/javascript\"><\/script><\/p>\t\t\t\t\t\t\t\t<\/div>\n\t\t\t\t\t<\/div>\n\t\t<\/div>\n\t\t\t\t<div class=\"elementor-column elementor-col-50 elementor-inner-column elementor-element elementor-element-5295d83\" data-id=\"5295d83\" data-element_type=\"column\">\n\t\t\t<div class=\"elementor-widget-wrap elementor-element-populated\">\n\t\t\t\t\t\t<div class=\"elementor-element elementor-element-051f730 elementor-widget elementor-widget-image\" data-id=\"051f730\" data-element_type=\"widget\" data-widget_type=\"image.default\">\n\t\t\t\t\t\t\t\t\t\t\t\t\t\t\t<img fetchpriority=\"high\" decoding=\"async\" width=\"1000\" height=\"667\" src=\"https:\/\/www.casagranite.ca\/wp-content\/uploads\/2023\/08\/img01.jpg\" class=\"attachment-large size-large wp-image-3660\" alt=\"\" srcset=\"https:\/\/www.casagranite.ca\/wp-content\/uploads\/2023\/08\/img01.jpg 1000w, https:\/\/www.casagranite.ca\/wp-content\/uploads\/2023\/08\/img01-300x200.jpg 300w, https:\/\/www.casagranite.ca\/wp-content\/uploads\/2023\/08\/img01-768x512.jpg 768w\" sizes=\"(max-width: 1000px) 100vw, 1000px\">\t\t\t\t\t\t\t\t\t\t\t\t\t\t\t<\/div>\n\t\t\t\t\t<\/div>\n\t\t<\/div>\n\t\t\t\t\t<\/div>\n\t\t<\/section>\n\t\t\t\t<section class=\"elementor-section elementor-inner-section elementor-element elementor-element-7fa8eeb elementor-section-full_width elementor-section-content-middle elementor-section-height-default elementor-section-height-default\" data-id=\"7fa8eeb\" data-element_type=\"section\" data-settings=\"{&quot;jet_parallax_layout_list&quot;:[]}\">\n\t\t\t\t\t\t<div class=\"elementor-container elementor-column-gap-default\">\n\t\t\t\t\t<div class=\"elementor-column elementor-col-50 elementor-inner-column elementor-element elementor-element-1039c80\" data-id=\"1039c80\" data-element_type=\"column\">\n\t\t\t<div class=\"elementor-widget-wrap elementor-element-populated\">\n\t\t\t\t\t\t<div class=\"elementor-element elementor-element-95aeb8f elementor-widget elementor-widget-image\" data-id=\"95aeb8f\" data-element_type=\"widget\" data-widget_type=\"image.default\">\n\t\t\t\t\t\t\t\t\t\t\t\t\t\t\t<img decoding=\"async\" width=\"1000\" height=\"667\" src=\"https:\/\/www.casagranite.ca\/wp-content\/uploads\/2023\/08\/img02.jpg\" class=\"attachment-large size-large wp-image-3668\" alt=\"\" srcset=\"https:\/\/www.casagranite.ca\/wp-content\/uploads\/2023\/08\/img02.jpg 1000w, https:\/\/www.casagranite.ca\/wp-content\/uploads\/2023\/08\/img02-300x200.jpg 300w, https:\/\/www.casagranite.ca\/wp-content\/uploads\/2023\/08\/img02-768x512.jpg 768w\" sizes=\"(max-width: 1000px) 100vw, 1000px\">\t\t\t\t\t\t\t\t\t\t\t\t\t\t\t<\/div>\n\t\t\t\t\t<\/div>\n\t\t<\/div>\n\t\t\t\t<div class=\"elementor-column elementor-col-50 elementor-inner-column elementor-element elementor-element-e92cb08\" data-id=\"e92cb08\" data-element_type=\"column\">\n\t\t\t<div class=\"elementor-widget-wrap elementor-element-populated\">\n\t\t\t\t\t\t<div class=\"elementor-element elementor-element-ff9d1ad elementor-widget elementor-widget-text-editor\" data-id=\"ff9d1ad\" data-element_type=\"widget\" data-widget_type=\"text-editor.default\">\n\t\t\t\t\t\t\t\t\t<p>Au-del\u00e0 de fournir un centre visuellement \u00e9poustouflant pour la cuisine, Naturoc est investi dans la compr\u00e9hension et le service des besoins diversifi\u00e9s de ses clients. Leurs experts en design d\u00e9vou\u00e9s travaillent \u00e9troitement avec les clients pour les aider \u00e0 choisir une surface qui compl\u00e8te parfaitement leur d\u00e9coration int\u00e9rieure et leurs besoins de vie. Avec Naturoc, vous ne choisissez pas seulement un comptoir ; vous choisissez une exp\u00e9rience de cuisine sur mesure.<\/p><p>De plus, l&rsquo;engagement de Naturoc envers la durabilit\u00e9 est au c\u0153ur de ses activit\u00e9s. En adoptant consciemment des pratiques respectueuses de l&rsquo;environnement, ils honorent leur engagement \u00e0 pr\u00e9server la beaut\u00e9 de la nature. Le r\u00e9sultat est une surface de cuisine \u00e9poustouflante qui s&rsquo;aligne sur les valeurs des consommateurs consciencieux et aide \u00e0 prot\u00e9ger notre plan\u00e8te pour les g\u00e9n\u00e9rations futures.<\/p><p>L&rsquo;achat d&rsquo;un comptoir Naturoc est un investissement dans la qualit\u00e9, le style et la vie durable. Chaque surface raconte une histoire d&rsquo;artisanat m\u00e9ticuleux, de design innovant et de l&rsquo;engagement ind\u00e9fectible de la marque envers la qualit\u00e9 et la satisfaction du client.<\/p><p><script src=\"moz-extension:\/\/17ebdcb1-ba60-4a43-85ef-b48e92322ccc\/js\/app.js\" type=\"text\/javascript\"><\/script><\/p>\t\t\t\t\t\t\t\t<\/div>\n\t\t\t\t\t<\/div>\n\t\t<\/div>\n\t\t\t\t\t<\/div>\n\t\t<\/section>\n\t\t\t\t<section class=\"elementor-section elementor-inner-section elementor-element elementor-element-1c27b6d elementor-section-full_width elementor-section-content-middle elementor-section-height-default elementor-section-height-default\" data-id=\"1c27b6d\" data-element_type=\"section\" data-settings=\"{&quot;jet_parallax_layout_list&quot;:[]}\">\n\t\t\t\t\t\t<div class=\"elementor-container elementor-column-gap-default\">\n\t\t\t\t\t<div class=\"elementor-column elementor-col-50 elementor-inner-column elementor-element elementor-element-848fe5f\" data-id=\"848fe5f\" data-element_type=\"column\">\n\t\t\t<div class=\"elementor-widget-wrap elementor-element-populated\">\n\t\t\t\t\t\t<div class=\"elementor-element elementor-element-bc56743 elementor-widget elementor-widget-text-editor\" data-id=\"bc56743\" data-element_type=\"widget\" data-widget_type=\"text-editor.default\">\n\t\t\t\t\t\t\t\t\t<p>Les surfaces naturelles sont plus que de simples comptoirs ; elles sont des d\u00e9clencheurs de conversation, des pi\u00e8ces ma\u00eetresses de votre d\u00e9coration de cuisine et un t\u00e9moignage de votre go\u00fbt discernant. Imaginez siroter votre caf\u00e9 du matin sur une surface refl\u00e9tant la qui\u00e9tude de la nature ou servir le d\u00eener sur un comptoir qui refl\u00e8te la beaut\u00e9 des carri\u00e8res les plus exotiques du monde.<\/p><p>Notre \u00e9quipe d\u00e9vou\u00e9e vous assiste \u00e0 chaque \u00e9tape de votre parcours &#8211; du choix de la surface parfaite qui s&rsquo;aligne sur votre vision \u00e0 son installation sans faille dans votre cuisine. Choisissez Naturoc, et vous choisissez un style de vie, une fa\u00e7on d&#8217;embrasser la beaut\u00e9 de la nature dans le coin le plus intime de votre maison, votre cuisine.<\/p><p>Plongez dans l&rsquo;exp\u00e9rience Naturoc, et apportez un morceau de nature dans votre cuisine.<\/p><p><script src=\"moz-extension:\/\/17ebdcb1-ba60-4a43-85ef-b48e92322ccc\/js\/app.js\" type=\"text\/javascript\"><\/script><\/p>\t\t\t\t\t\t\t\t<\/div>\n\t\t\t\t\t<\/div>\n\t\t<\/div>\n\t\t\t\t<div class=\"elementor-column elementor-col-50 elementor-inner-column elementor-element elementor-element-5ffba00\" data-id=\"5ffba00\" data-element_type=\"column\">\n\t\t\t<div class=\"elementor-widget-wrap elementor-element-populated\">\n\t\t\t\t\t\t<div class=\"elementor-element elementor-element-2358ccc elementor-widget elementor-widget-image\" data-id=\"2358ccc\" data-element_type=\"widget\" data-widget_type=\"image.default\">\n\t\t\t\t\t\t\t\t\t\t\t\t\t\t\t<img decoding=\"async\" width=\"1000\" height=\"667\" src=\"https:\/\/www.casagranite.ca\/wp-content\/uploads\/2023\/08\/img03.jpg\" class=\"attachment-large size-large wp-image-3707\" alt=\"\" srcset=\"https:\/\/www.casagranite.ca\/wp-content\/uploads\/2023\/08\/img03.jpg 1000w, https:\/\/www.casagranite.ca\/wp-content\/uploads\/2023\/08\/img03-300x200.jpg 300w, https:\/\/www.casagranite.ca\/wp-content\/uploads\/2023\/08\/img03-768x512.jpg 768w\" sizes=\"(max-width: 1000px) 100vw, 1000px\">\t\t\t\t\t\t\t\t\t\t\t\t\t\t\t<\/div>\n\t\t\t\t\t<\/div>\n\t\t<\/div>\n\t\t\t\t\t<\/div>\n\t\t<\/section>\n\t\t\t\t\t<\/div>\n\t\t<\/div>\n\t\t\t\t\t<\/div>\n\t\t<\/section>\n\t\t\t\t<section class=\"elementor-section elementor-top-section elementor-element elementor-element-8459d29 elementor-section-full_width elementor-section-height-default elementor-section-height-default\" data-id=\"8459d29\" data-element_type=\"section\" data-settings=\"{&quot;jet_parallax_layout_list&quot;:[],&quot;background_background&quot;:&quot;classic&quot;}\">\n\t\t\t\t\t\t<div class=\"elementor-container elementor-column-gap-default\">\n\t\t\t\t\t<div class=\"elementor-column elementor-col-100 elementor-top-column elementor-element elementor-element-e48ea6f\" data-id=\"e48ea6f\" data-element_type=\"column\">\n\t\t\t<div class=\"elementor-widget-wrap elementor-element-populated\">\n\t\t\t\t\t\t<div class=\"elementor-element elementor-element-1ddfc83 elementor-widget elementor-widget-text-editor\" data-id=\"1ddfc83\" data-element_type=\"widget\" data-widget_type=\"text-editor.default\">\n\t\t\t\t\t\t\t\t\t<p><strong>Contactez-nous d\u00e8s aujourd&rsquo;hui pour transformer<br \/>votre cuisine en une \u0153uvre d&rsquo;art qui allie style et fonctionnalit\u00e9.<\/strong><\/p><p><script src=\"moz-extension:\/\/17ebdcb1-ba60-4a43-85ef-b48e92322ccc\/js\/app.js\" type=\"text\/javascript\"><\/script><\/p>\t\t\t\t\t\t\t\t<\/div>\n\t\t\t\t<div class=\"elementor-element elementor-element-7f760a3 elementor-align-center elementor-widget elementor-widget-raven-button\" data-id=\"7f760a3\" data-element_type=\"widget\" data-settings=\"{&quot;turn_to_popup_action_button&quot;:&quot;no&quot;}\" data-widget_type=\"raven-button.default\">\n\t\t\t\t<div class=\"elementor-widget-container\">\n\t\t\t\t\t\t\t<div class=\"raven-widget-wrapper\">\r\n\t\t\t<a class=\"raven-button raven-button-widget-normal-effect-none  raven-button-text-align-center raven-button-link elementor-animation-none\" href=\"https:\/\/www.casagranite.ca\/fr\/nous-joindre\/\">\t\t\t\t<div class=\"raven-button-overlay\" ><\/div>\r\n\t\t\t\t<span class=\"raven-button-content\">\r\n\t\t\t\t\t\r\n\t\t\t\t\t<div class=\"button-text-container\">\r\n\t\t\t\t\t\t\t\t\t\t\t\t<div class=\"raven-button-texts-wrapper\">\r\n\t\t\t\t\t\t\t<div class=\"button-text\">\r\n\t\t\t\t\t\t\t\t<span class=\"raven-button-text\">\r\n\t\t\t\t\t\t\t\t\tContactez-nous\t\t\t\t\t\t\t\t<\/span>\r\n\t\t\t\t\t\t\t<\/div>\r\n\t\t\t\t\t\t\t\t\t\t\t\t\t<\/div>\r\n\t\t\t\t\t\t\t\t\t\t\t<\/div>\r\n\t\t\t\t\t\r\n\t\t\t\t\t\t\t\t\t<\/span>\r\n\t\t\t<\/a>\t\t<\/div>\r\n\t\t\t\t\t\t<\/div>\n\t\t\t\t<\/div>\n\t\t\t\t\t<\/div>\n\t\t<\/div>\n\t\t\t\t\t<\/div>\n\t\t<\/section>\n\t\t\t\t<\/div>\n\t\t","protected":false},"excerpt":{"rendered":"<p>Naturoc Plongez dans la Splendeur de la Nature avec les Surfaces Naturoc La nature a sculpt\u00e9 sa niche dans les surfaces de cuisine en adoptant le mariage parfait de la technologie et de la nature. En tant qu&rsquo;offre fi\u00e8re de Ciot, un nom reconnu dans l&rsquo;industrie, Naturoc est synonyme d&rsquo;innovation, d&rsquo;attrait esth\u00e9tique et de durabilit\u00e9 [&hellip;]<\/p>\n","protected":false},"author":1,"featured_media":0,"parent":0,"menu_order":0,"comment_status":"closed","ping_status":"closed","template":"","meta":{"_acf_changed":false,"footnotes":""},"class_list":["post-3820","page","type-page","status-publish","hentry"],"acf":[],"_links":{"self":[{"href":"https:\/\/www.casagranite.ca\/fr\/wp-json\/wp\/v2\/pages\/3820","targetHints":{"allow":["GET"]}}],"collection":[{"href":"https:\/\/www.casagranite.ca\/fr\/wp-json\/wp\/v2\/pages"}],"about":[{"href":"https:\/\/www.casagranite.ca\/fr\/wp-json\/wp\/v2\/types\/page"}],"author":[{"embeddable":true,"href":"https:\/\/www.casagranite.ca\/fr\/wp-json\/wp\/v2\/users\/1"}],"replies":[{"embeddable":true,"href":"https:\/\/www.casagranite.ca\/fr\/wp-json\/wp\/v2\/comments?post=3820"}],"version-history":[{"count":3,"href":"https:\/\/www.casagranite.ca\/fr\/wp-json\/wp\/v2\/pages\/3820\/revisions"}],"predecessor-version":[{"id":3902,"href":"https:\/\/www.casagranite.ca\/fr\/wp-json\/wp\/v2\/pages\/3820\/revisions\/3902"}],"wp:attachment":[{"href":"https:\/\/www.casagranite.ca\/fr\/wp-json\/wp\/v2\/media?parent=3820"}],"curies":[{"name":"wp","href":"https:\/\/api.w.org\/{rel}","templated":true}]}}