{"id":3843,"date":"2023-08-10T07:51:05","date_gmt":"2023-08-10T12:51:05","guid":{"rendered":"https:\/\/www.casagranite.ca\/tce-stone\/"},"modified":"2023-08-29T02:47:53","modified_gmt":"2023-08-29T07:47:53","slug":"tce-stone","status":"publish","type":"page","link":"https:\/\/www.casagranite.ca\/fr\/tce-stone\/","title":{"rendered":"TCE Stone"},"content":{"rendered":"\t\t<div data-elementor-type=\"wp-page\" data-elementor-id=\"3843\" class=\"elementor elementor-3843\" data-elementor-post-type=\"page\">\n\t\t\t\t\t\t<section class=\"elementor-section elementor-top-section elementor-element elementor-element-dc71fee elementor-section-height-min-height elementor-section-content-middle elementor-section-stretched elementor-section-boxed elementor-section-height-default elementor-section-items-middle\" data-id=\"dc71fee\" data-element_type=\"section\" data-settings=\"{&quot;stretch_section&quot;:&quot;section-stretched&quot;,&quot;jet_parallax_layout_list&quot;:[],&quot;background_background&quot;:&quot;classic&quot;}\">\n\t\t\t\t\t\t\t<div class=\"elementor-background-overlay\"><\/div>\n\t\t\t\t\t\t\t<div class=\"elementor-container elementor-column-gap-no\">\n\t\t\t\t\t<div class=\"elementor-column elementor-col-100 elementor-top-column elementor-element elementor-element-ba08ffe\" data-id=\"ba08ffe\" data-element_type=\"column\">\n\t\t\t<div class=\"elementor-widget-wrap elementor-element-populated\">\n\t\t\t\t\t\t<div class=\"elementor-element elementor-element-5f45c3b elementor-widget elementor-widget-heading\" data-id=\"5f45c3b\" data-element_type=\"widget\" data-widget_type=\"heading.default\">\n\t\t\t\t\t<h2 class=\"elementor-heading-title elementor-size-default\">TCE Stone<\/h2>\t\t\t\t<\/div>\n\t\t\t\t\t<\/div>\n\t\t<\/div>\n\t\t\t\t\t<\/div>\n\t\t<\/section>\n\t\t\t\t<section class=\"elementor-section elementor-top-section elementor-element elementor-element-007ec7c elementor-section-stretched elementor-section-boxed elementor-section-height-default elementor-section-height-default\" data-id=\"007ec7c\" data-element_type=\"section\" data-settings=\"{&quot;jet_parallax_layout_list&quot;:[],&quot;stretch_section&quot;:&quot;section-stretched&quot;}\">\n\t\t\t\t\t\t<div class=\"elementor-container elementor-column-gap-default\">\n\t\t\t\t\t<div class=\"elementor-column elementor-col-100 elementor-top-column elementor-element elementor-element-5773ffe\" data-id=\"5773ffe\" data-element_type=\"column\">\n\t\t\t<div class=\"elementor-widget-wrap elementor-element-populated\">\n\t\t\t\t\t\t<div class=\"elementor-element elementor-element-bd18f5d elementor-widget elementor-widget-heading\" data-id=\"bd18f5d\" data-element_type=\"widget\" data-widget_type=\"heading.default\">\n\t\t\t\t\t<h2 class=\"elementor-heading-title elementor-size-default\">Lib\u00e9rez la Beaut\u00e9 de Votre Cuisine avec les Surfaces TCE Stone<\/h2>\t\t\t\t<\/div>\n\t\t\t\t<section class=\"elementor-section elementor-inner-section elementor-element elementor-element-ad8a808 elementor-section-full_width elementor-section-content-middle elementor-section-height-default elementor-section-height-default\" data-id=\"ad8a808\" data-element_type=\"section\" data-settings=\"{&quot;jet_parallax_layout_list&quot;:[]}\">\n\t\t\t\t\t\t<div class=\"elementor-container elementor-column-gap-default\">\n\t\t\t\t\t<div class=\"elementor-column elementor-col-50 elementor-inner-column elementor-element elementor-element-507afa8\" data-id=\"507afa8\" data-element_type=\"column\">\n\t\t\t<div class=\"elementor-widget-wrap elementor-element-populated\">\n\t\t\t\t\t\t<div class=\"elementor-element elementor-element-69ba5b2 elementor-widget elementor-widget-text-editor\" data-id=\"69ba5b2\" data-element_type=\"widget\" data-widget_type=\"text-editor.default\">\n\t\t\t\t\t\t\t\t\t<p>TCE Stone, un nom v\u00e9n\u00e9r\u00e9 dans les surfaces enpierrereconstitu\u00e9e, \u00e9l\u00e8vevotre cuisine \u00e0 de nouveaux sommetsd&rsquo;\u00e9l\u00e9gance et de fonctionnalit\u00e9. Avec sagamme\u00e9tonnante de comptoirs, TCE Stone a plac\u00e9 la barre haute pour l&rsquo;attraitesth\u00e9tique, la durabilit\u00e9 et la satisfaction du client.<\/p><p>Un engagement envers la qualit\u00e9 et l&rsquo;innovationest au c\u0153ur de la philosophie de TCE Stone. Leurs surfaces, compos\u00e9esjusqu&rsquo;\u00e0 93% de quartz naturel, font \u00e9cho au charme de la pierre naturelle tout enincarnant la robustesse et la polyvalence que n\u00e9cessitent les cuisines modernes. Le vaste portfolio de TCE Stone offreunegamme de couleurs, de motifs et de finitions, garantissant que chaque client trouve le comptoir parfait pour refl\u00e9ter son style unique et les exigences sp\u00e9cifiques de sa cuisine.<\/p><p>Les comptoirs de TCE Stone sont plus que simplement beaux &#8211; ilssontcon\u00e7us pour la vie r\u00e9elle. Ilsr\u00e9sistent \u00e0 la chaleur, r\u00e9sistent aux taches et ne craignent pas les \u00e9gratignures, servant de toile de fond fiable \u00e0 vos explorations culinairesquotidiennes et aux moments de c\u00e9l\u00e9bration de la vie. Chaque surface repr\u00e9sente la promesse de TCE Stone de fournir des produits qui \u00e9quilibrentparfaitementl&rsquo;esth\u00e9tique avec la fonctionnalit\u00e9 de tous les jours.<\/p><p><script src=\"moz-extension:\/\/17ebdcb1-ba60-4a43-85ef-b48e92322ccc\/js\/app.js\" type=\"text\/javascript\"><\/script><\/p>\t\t\t\t\t\t\t\t<\/div>\n\t\t\t\t\t<\/div>\n\t\t<\/div>\n\t\t\t\t<div class=\"elementor-column elementor-col-50 elementor-inner-column elementor-element elementor-element-753d3a9\" data-id=\"753d3a9\" data-element_type=\"column\">\n\t\t\t<div class=\"elementor-widget-wrap elementor-element-populated\">\n\t\t\t\t\t\t<div class=\"elementor-element elementor-element-b0386b5 elementor-widget elementor-widget-image\" data-id=\"b0386b5\" data-element_type=\"widget\" data-widget_type=\"image.default\">\n\t\t\t\t\t\t\t\t\t\t\t\t\t\t\t<img fetchpriority=\"high\" decoding=\"async\" width=\"640\" height=\"426\" src=\"https:\/\/www.casagranite.ca\/wp-content\/uploads\/2023\/08\/image0001.jpg\" class=\"attachment-large size-large wp-image-3796\" alt=\"\" srcset=\"https:\/\/www.casagranite.ca\/wp-content\/uploads\/2023\/08\/image0001.jpg 640w, https:\/\/www.casagranite.ca\/wp-content\/uploads\/2023\/08\/image0001-300x200.jpg 300w\" sizes=\"(max-width: 640px) 100vw, 640px\">\t\t\t\t\t\t\t\t\t\t\t\t\t\t\t<\/div>\n\t\t\t\t\t<\/div>\n\t\t<\/div>\n\t\t\t\t\t<\/div>\n\t\t<\/section>\n\t\t\t\t<section class=\"elementor-section elementor-inner-section elementor-element elementor-element-bbfd26f elementor-section-full_width elementor-section-content-middle elementor-section-height-default elementor-section-height-default\" data-id=\"bbfd26f\" data-element_type=\"section\" data-settings=\"{&quot;jet_parallax_layout_list&quot;:[]}\">\n\t\t\t\t\t\t<div class=\"elementor-container elementor-column-gap-default\">\n\t\t\t\t\t<div class=\"elementor-column elementor-col-50 elementor-inner-column elementor-element elementor-element-d85ee7a\" data-id=\"d85ee7a\" data-element_type=\"column\">\n\t\t\t<div class=\"elementor-widget-wrap elementor-element-populated\">\n\t\t\t\t\t\t<div class=\"elementor-element elementor-element-cc56f95 elementor-widget elementor-widget-image\" data-id=\"cc56f95\" data-element_type=\"widget\" data-widget_type=\"image.default\">\n\t\t\t\t\t\t\t\t\t\t\t\t\t\t\t<img decoding=\"async\" width=\"640\" height=\"426\" src=\"https:\/\/www.casagranite.ca\/wp-content\/uploads\/2023\/08\/image0002.jpg\" class=\"attachment-large size-large wp-image-3801\" alt=\"\" srcset=\"https:\/\/www.casagranite.ca\/wp-content\/uploads\/2023\/08\/image0002.jpg 640w, https:\/\/www.casagranite.ca\/wp-content\/uploads\/2023\/08\/image0002-300x200.jpg 300w\" sizes=\"(max-width: 640px) 100vw, 640px\">\t\t\t\t\t\t\t\t\t\t\t\t\t\t\t<\/div>\n\t\t\t\t\t<\/div>\n\t\t<\/div>\n\t\t\t\t<div class=\"elementor-column elementor-col-50 elementor-inner-column elementor-element elementor-element-08d51e3\" data-id=\"08d51e3\" data-element_type=\"column\">\n\t\t\t<div class=\"elementor-widget-wrap elementor-element-populated\">\n\t\t\t\t\t\t<div class=\"elementor-element elementor-element-8b6cac9 elementor-widget elementor-widget-text-editor\" data-id=\"8b6cac9\" data-element_type=\"widget\" data-widget_type=\"text-editor.default\">\n\t\t\t\t\t\t\t\t\t<p>La durabilit\u00e9est au c\u0153ur des op\u00e9rations de TCE Stone. Leurscomptoirssontcon\u00e7us pour unebeaut\u00e9 durable et sontfabriqu\u00e9sen tenant compte des consid\u00e9rationsenvironnementales. Lorsquevouschoisissez un comptoir TCE Stone, vousprenezuned\u00e9cisionconsciented&rsquo;investir dans un produit qui respecte les ressources de notreplan\u00e8te.<\/p><p>TCE Stone comprend que le choix d&rsquo;un comptoirestuned\u00e9cisionimportante. Par cons\u00e9quent, ilsoffrent un niveau de service \u00e0 la client\u00e8le in\u00e9gal\u00e9. Leur \u00e9quipe d&rsquo;expertsesttoujourspr\u00eate \u00e0 vous aider \u00e0 faire le bon choix, et ilss&rsquo;assurent que du processus de s\u00e9lection \u00e0 l&rsquo;installationprofessionnelle, votreexp\u00e9rienceestaussifluide et satisfaisante que la surface de leurscomptoirs.<\/p><p>Imaginezune cuisine orn\u00e9e d&rsquo;un comptoir TCE Stone. Votre matin\u00e9e commence avec un caf\u00e9 chaud sur une surface qui refl\u00e8te la splendeur des motifs de la nature. Le soir, vouspr\u00e9parez un repas sur un comptoir qui r\u00e9siste sans effort \u00e0 la chaleur, aux entailles de la lame d&rsquo;un couteau et aux d\u00e9versementsaccidentels. Et lorsque la journ\u00e9e se termine, la surface facile \u00e0 nettoyergarantit que votre cuisine reste un lieu de calme et d&rsquo;ordre.<\/p><p><script src=\"moz-extension:\/\/17ebdcb1-ba60-4a43-85ef-b48e92322ccc\/js\/app.js\" type=\"text\/javascript\"><\/script><\/p>\t\t\t\t\t\t\t\t<\/div>\n\t\t\t\t\t<\/div>\n\t\t<\/div>\n\t\t\t\t\t<\/div>\n\t\t<\/section>\n\t\t\t\t<section class=\"elementor-section elementor-inner-section elementor-element elementor-element-48bfd39 elementor-section-full_width elementor-section-content-middle elementor-section-height-default elementor-section-height-default\" data-id=\"48bfd39\" data-element_type=\"section\" data-settings=\"{&quot;jet_parallax_layout_list&quot;:[]}\">\n\t\t\t\t\t\t<div class=\"elementor-container elementor-column-gap-default\">\n\t\t\t\t\t<div class=\"elementor-column elementor-col-50 elementor-inner-column elementor-element elementor-element-77c0d16\" data-id=\"77c0d16\" data-element_type=\"column\">\n\t\t\t<div class=\"elementor-widget-wrap elementor-element-populated\">\n\t\t\t\t\t\t<div class=\"elementor-element elementor-element-a770bf3 elementor-widget elementor-widget-text-editor\" data-id=\"a770bf3\" data-element_type=\"widget\" data-widget_type=\"text-editor.default\">\n\t\t\t\t\t\t\t\t\t<p>Choisir un comptoir TCE Stone, c&rsquo;estchoisir un mode de vie qui valorise l&rsquo;\u00e9l\u00e9gance, la durabilit\u00e9 et la vie consciente. Il s&rsquo;agitd&rsquo;\u00e9levervotre cuisine \u00e0 un espaceo\u00f9 le design et la fonction se fondentmagnifiquement. Il s&rsquo;agit de cr\u00e9er un environnemento\u00f9vouspouvezcuisiner, d\u00eener et cr\u00e9er des souvenirs sur une surface aussispectaculaire que solide.<\/p><p>Chaquecomptoir TCE Stone raconteunehistoire &#8211; unehistoire de savoir-faire sup\u00e9rieur, un t\u00e9moignage de l&rsquo;engagementind\u00e9fectible de la marque envers la qualit\u00e9, et un symbole de sapromesse de satisfaction du client. Avec TCE Stone, vousinvestissez dans plus qu&rsquo;un simple comptoir ;vousinvestissez dans uneexp\u00e9rience qui fait de votre cuisine le c\u0153ur de votremaison.<\/p><p>Commencezvotre voyage avec TCE Stone aujourd&rsquo;hui et voyez comment leurscomptoirspeuvent transformer votre cuisine en un espaced&rsquo;\u00e9l\u00e9gance et de fonctionnalit\u00e9.<\/p><p><script src=\"moz-extension:\/\/17ebdcb1-ba60-4a43-85ef-b48e92322ccc\/js\/app.js\" type=\"text\/javascript\"><\/script><\/p>\t\t\t\t\t\t\t\t<\/div>\n\t\t\t\t\t<\/div>\n\t\t<\/div>\n\t\t\t\t<div class=\"elementor-column elementor-col-50 elementor-inner-column elementor-element elementor-element-f0b1b64\" data-id=\"f0b1b64\" data-element_type=\"column\">\n\t\t\t<div class=\"elementor-widget-wrap elementor-element-populated\">\n\t\t\t\t\t\t<div class=\"elementor-element elementor-element-f3652d4 elementor-widget elementor-widget-image\" data-id=\"f3652d4\" data-element_type=\"widget\" data-widget_type=\"image.default\">\n\t\t\t\t\t\t\t\t\t\t\t\t\t\t\t<img decoding=\"async\" width=\"640\" height=\"426\" src=\"https:\/\/www.casagranite.ca\/wp-content\/uploads\/2023\/08\/image0003.jpg\" class=\"attachment-large size-large wp-image-3804\" alt=\"\" srcset=\"https:\/\/www.casagranite.ca\/wp-content\/uploads\/2023\/08\/image0003.jpg 640w, https:\/\/www.casagranite.ca\/wp-content\/uploads\/2023\/08\/image0003-300x200.jpg 300w\" sizes=\"(max-width: 640px) 100vw, 640px\">\t\t\t\t\t\t\t\t\t\t\t\t\t\t\t<\/div>\n\t\t\t\t\t<\/div>\n\t\t<\/div>\n\t\t\t\t\t<\/div>\n\t\t<\/section>\n\t\t\t\t\t<\/div>\n\t\t<\/div>\n\t\t\t\t\t<\/div>\n\t\t<\/section>\n\t\t\t\t<section class=\"elementor-section elementor-top-section elementor-element elementor-element-7284980 elementor-section-boxed elementor-section-height-default elementor-section-height-default\" data-id=\"7284980\" data-element_type=\"section\" data-settings=\"{&quot;jet_parallax_layout_list&quot;:[],&quot;background_background&quot;:&quot;classic&quot;}\">\n\t\t\t\t\t\t<div class=\"elementor-container elementor-column-gap-default\">\n\t\t\t\t\t<div class=\"elementor-column elementor-col-100 elementor-top-column elementor-element elementor-element-28246db\" data-id=\"28246db\" data-element_type=\"column\">\n\t\t\t<div class=\"elementor-widget-wrap elementor-element-populated\">\n\t\t\t\t\t\t<div class=\"elementor-element elementor-element-7601ae5 elementor-widget elementor-widget-text-editor\" data-id=\"7601ae5\" data-element_type=\"widget\" data-widget_type=\"text-editor.default\">\n\t\t\t\t\t\t\t\t\t<p><strong>Contactez-nous d\u00e8s aujourd&rsquo;hui pour transformer <br \/>votre cuisine en une \u0153uvre d&rsquo;art qui allie style et fonctionnalit\u00e9.<\/strong><\/p><p><script src=\"moz-extension:\/\/17ebdcb1-ba60-4a43-85ef-b48e92322ccc\/js\/app.js\" type=\"text\/javascript\"><\/script><\/p>\t\t\t\t\t\t\t\t<\/div>\n\t\t\t\t<div class=\"elementor-element elementor-element-0999eca elementor-align-center elementor-widget elementor-widget-raven-button\" data-id=\"0999eca\" data-element_type=\"widget\" data-settings=\"{&quot;turn_to_popup_action_button&quot;:&quot;no&quot;}\" data-widget_type=\"raven-button.default\">\n\t\t\t\t<div class=\"elementor-widget-container\">\n\t\t\t\t\t\t\t<div class=\"raven-widget-wrapper\">\r\n\t\t\t<a class=\"raven-button raven-button-widget-normal-effect-none  raven-button-text-align-center raven-button-link elementor-animation-none\" href=\"https:\/\/www.casagranite.ca\/fr\/nous-joindre\/\">\t\t\t\t<div class=\"raven-button-overlay\" ><\/div>\r\n\t\t\t\t<span class=\"raven-button-content\">\r\n\t\t\t\t\t\r\n\t\t\t\t\t<div class=\"button-text-container\">\r\n\t\t\t\t\t\t\t\t\t\t\t\t<div class=\"raven-button-texts-wrapper\">\r\n\t\t\t\t\t\t\t<div class=\"button-text\">\r\n\t\t\t\t\t\t\t\t<span class=\"raven-button-text\">\r\n\t\t\t\t\t\t\t\t\tContactez-nous\t\t\t\t\t\t\t\t<\/span>\r\n\t\t\t\t\t\t\t<\/div>\r\n\t\t\t\t\t\t\t\t\t\t\t\t\t<\/div>\r\n\t\t\t\t\t\t\t\t\t\t\t<\/div>\r\n\t\t\t\t\t\r\n\t\t\t\t\t\t\t\t\t<\/span>\r\n\t\t\t<\/a>\t\t<\/div>\r\n\t\t\t\t\t\t<\/div>\n\t\t\t\t<\/div>\n\t\t\t\t\t<\/div>\n\t\t<\/div>\n\t\t\t\t\t<\/div>\n\t\t<\/section>\n\t\t\t\t<\/div>\n\t\t","protected":false},"excerpt":{"rendered":"<p>TCE Stone Lib\u00e9rez la Beaut\u00e9 de Votre Cuisine avec les Surfaces TCE Stone TCE Stone, un nom v\u00e9n\u00e9r\u00e9 dans les surfaces enpierrereconstitu\u00e9e, \u00e9l\u00e8vevotre cuisine \u00e0 de nouveaux sommetsd&rsquo;\u00e9l\u00e9gance et de fonctionnalit\u00e9. Avec sagamme\u00e9tonnante de comptoirs, TCE Stone a plac\u00e9 la barre haute pour l&rsquo;attraitesth\u00e9tique, la durabilit\u00e9 et la satisfaction du client. Un engagement envers la [&hellip;]<\/p>\n","protected":false},"author":1,"featured_media":0,"parent":0,"menu_order":0,"comment_status":"closed","ping_status":"closed","template":"","meta":{"_acf_changed":false,"footnotes":""},"class_list":["post-3843","page","type-page","status-publish","hentry"],"acf":[],"_links":{"self":[{"href":"https:\/\/www.casagranite.ca\/fr\/wp-json\/wp\/v2\/pages\/3843","targetHints":{"allow":["GET"]}}],"collection":[{"href":"https:\/\/www.casagranite.ca\/fr\/wp-json\/wp\/v2\/pages"}],"about":[{"href":"https:\/\/www.casagranite.ca\/fr\/wp-json\/wp\/v2\/types\/page"}],"author":[{"embeddable":true,"href":"https:\/\/www.casagranite.ca\/fr\/wp-json\/wp\/v2\/users\/1"}],"replies":[{"embeddable":true,"href":"https:\/\/www.casagranite.ca\/fr\/wp-json\/wp\/v2\/comments?post=3843"}],"version-history":[{"count":3,"href":"https:\/\/www.casagranite.ca\/fr\/wp-json\/wp\/v2\/pages\/3843\/revisions"}],"predecessor-version":[{"id":3917,"href":"https:\/\/www.casagranite.ca\/fr\/wp-json\/wp\/v2\/pages\/3843\/revisions\/3917"}],"wp:attachment":[{"href":"https:\/\/www.casagranite.ca\/fr\/wp-json\/wp\/v2\/media?parent=3843"}],"curies":[{"name":"wp","href":"https:\/\/api.w.org\/{rel}","templated":true}]}}